{"id":363,"date":"2024-10-25T23:27:40","date_gmt":"2024-10-25T21:27:40","guid":{"rendered":"https:\/\/prismeconsultants.fr\/?page_id=363"},"modified":"2024-10-25T23:27:40","modified_gmt":"2024-10-25T21:27:40","slug":"mentions-legales","status":"publish","type":"page","link":"https:\/\/prismeconsultants.fr\/index.php\/mentions-legales\/","title":{"rendered":"Mentions l\u00e9gales"},"content":{"rendered":"\n<p><strong>Dispositions particuli\u00e8res<\/strong><br><strong>INFORMATIONS GENERALES<\/strong><br>Le site www.prismeconsultants.fr est destin\u00e9 \u00e0 l\u2019information personnelle des personnes morales ou physiques qui l\u2019utilisent. Il est propri\u00e9t\u00e9 de Pascal Romand Directeur de PRISME Consultants<br>PRISME Consultants<br>Si\u00e8ge social : 549 rue Jean Jaur\u00e8s \u2013 76770 Houppeville<br>T\u00e9l\u00e9phone : 06 07 73 39 34<br>N\u00b0 inscription SIRET : 478 856 586 00019<br>Responsable l\u00e9gal : Pascal Romand<br><br><strong>RESPONSABLE DE LA PUBLICATION<\/strong><br>Pascal Romand \u2013 Directeur<br>PRISME Consultants \u2013 549 rue Jean Jaur\u00e8s \u2013 76770 Houppeville<br><br><strong>WEBDESIGN<\/strong><br>Mr Benjamin LEPINE<br>Siret : 82921575500010<br>Adresse : 21 rue Pasteur \u2013 94270 Le Kremlin Bic\u00e8tre<br>06 27 79 84 25<br><br><strong>HEBERGEMENT<\/strong><br>OVH<br>2 rue kellermann \u2013 59100 roubaix<br>France<br><br><strong>Dispositions g\u00e9n\u00e9rales<\/strong><br>Copyright<br>PRISME Consultants<br><br><strong>Droit applicable<\/strong><br>Le site Internet www.PRISME Consultants.fr et les pr\u00e9sentes conditions g\u00e9n\u00e9rales sont soumises au droit fran\u00e7ais et sont r\u00e9dig\u00e9es en fran\u00e7ais.<br>PRISME Consultants se r\u00e9serve le droit de modifier les pr\u00e9sentes mentions \u00e0 tout moment. L\u2019utilisateur s\u2019engage \u00e0 les consulter r\u00e9guli\u00e8rement.<br><br><strong>Protection des donn\u00e9es personnelles<\/strong><br>La consultation du site www.PRISME Consultants.fr est possible sans que vous ayez \u00e0 r\u00e9v\u00e9ler votre identit\u00e9 ou toute autre information \u00e0 caract\u00e8re personnel vous concernant. <br>La soci\u00e9t\u00e9 PRISME Consultants s\u2019engage \u00e0 respecter votre vie priv\u00e9e et \u00e0 prot\u00e9ger les informations que vous lui communiquez. En particulier, les donn\u00e9es personnelles collect\u00e9es sur le site Internet www.PRISME Consultants.fr sont destin\u00e9es \u00e0 l\u2019usage de PRISME Consultants. Elles sont confidentielles et trait\u00e9es comme telles.<br><br>Concernant les informations \u00e0 caract\u00e8re nominatif que vous seriez amen\u00e9s \u00e0 me communiquer, vous b\u00e9n\u00e9ficiez d\u2019un droit d\u2019acc\u00e8s et de rectification conform\u00e9ment \u00e0 la loi fran\u00e7aise Informatique et Libert\u00e9 n\u00b0 78-17 du 6 janvier 1978. Vous pouvez exercer ce droit aupr\u00e8s de PRISME Consultants \u2013 549 rue Jean Jaur\u00e8s \u2013 76770 Houppeville<br><br>Toutes informations concernant les utilisateurs de ce site ne seront en aucun cas communiqu\u00e9es \u00e0 des tiers. Seul ma propre personne en tant que responsable l\u00e9gal aura acc\u00e8s \u00e0 ces informations.<br><br><strong>Liens hypertextes<\/strong><br>La mise en place d\u2019un lien hypertexte vers le site www.PRISME Consultants.fr ne n\u00e9cessite pas d\u2019autorisation pr\u00e9alable et \u00e9crite de PRISME Consultants. N\u00e9anmoins, prisme Consultants doit en \u00eatre inform\u00e9 dans un d\u00e9lai maximum de 30 jours apr\u00e8s la mise en place du lien. <br><br>En tout \u00e9tat de cause, PRISME Consultants n\u2019est en aucun cas tenu responsable du contenu ainsi que des produits ou services propos\u00e9s sur les sites auxquels le site www.PRISME Consultants.fr se trouverait li\u00e9 par des liens hypertextes ou tout autre type de lien.<br><br><strong>Droits de propri\u00e9t\u00e9 intellectuelle<\/strong><br>PRISME Consultants avise les utilisateurs de ce site que de nombreux \u00e9l\u00e9ments de ce site : <br>a) sont prot\u00e9g\u00e9s par la l\u00e9gislation sur le droit d\u2019auteur : ce peut \u00eatre notamment le cas des photographies, des articles, des dessins, des s\u00e9quences anim\u00e9es\u2026 ;<br>b) et\/ou sont prot\u00e9g\u00e9s par la l\u00e9gislation sur les dessins et mod\u00e8les ;<br>c) sont prot\u00e9g\u00e9s par la l\u00e9gislation sur les marques.<br><br>Les \u00e9l\u00e9ments ainsi prot\u00e9g\u00e9s sont la propri\u00e9t\u00e9 de PRISME Consultants ou de tiers ayant autoris\u00e9 PRISME Consultants \u00e0 les exploiter.<br><br>Toute reproduction, repr\u00e9sentation, utilisation, adaptation, modification, incorporation, traduction, commercialisation, partielles ou int\u00e9grales par quelque proc\u00e9d\u00e9 et sur quelque support que ce soit (papier, num\u00e9rique, \u2026) sont interdites, sans l\u2019autorisation \u00e9crite pr\u00e9alable de PRISME Consultants, hormis les exceptions vis\u00e9es \u00e0 l\u2019article L 122.5 du Code de la Propri\u00e9t\u00e9 Intellectuelle, sous peine de constituer un d\u00e9lit de contrefa\u00e7on de droit d\u2019auteur et\/ou de dessins et mod\u00e8les et\/ou de marque, puni de deux ans d\u2019emprisonnement et de 150 000\u20ac d\u2019amende.<br><br><strong>Droits d\u2019auteur et\/ou Droits sur les Dessins et Mod\u00e8les<\/strong><br>Les photographies, textes, slogans, dessins, images, s\u00e9quences anim\u00e9es sonores ou non ainsi que toutes les \u0153uvres int\u00e9gr\u00e9es dans le site sont la propri\u00e9t\u00e9 de PRISME Consultants ou de tiers ayant autoris\u00e9 prisme Consultants \u00e0 les utiliser.<br><br>Les reproductions, sur un support papier ou informatique, dudit site sont autoris\u00e9es sous r\u00e9serve qu\u2019elles soient strictement r\u00e9serv\u00e9es \u00e0 un usage personnel excluant tout usage \u00e0 des fins publicitaires et\/ou commerciales et\/ou d\u2019information et\/ou qu\u2019elles soient conformes aux dispositions de l\u2019article L122-5 du Code de la Propri\u00e9t\u00e9 Intellectuelle.<br><br><strong>Informations relatives aux prestations<\/strong><br>Dans le cadre d\u2019une politique d\u2019am\u00e9lioration constante de ses produits et services, PRISME Consultants peut modifier \u00e0 tout moment les caract\u00e9ristiques de son offre. Les prestations pr\u00e9sent\u00e9es sur ce site sont ceux distribu\u00e9s en France m\u00e9tropolitaine et DOM\/TOM.  En tout \u00e9tat de cause, les informations contenues sur ce site sont des informations \u00e0 caract\u00e8re g\u00e9n\u00e9ral et n\u2019ont pas valeur contractuelle.<br><br><strong>Limitation de responsabilit\u00e9<\/strong><br>Vous utilisez le site www.PRISME Consultants.fr sous votre seule et enti\u00e8re responsabilit\u00e9. PRISME Consultants ne pourra \u00eatre tenu pour responsable des dommages directs ou indirects, tels que, notamment, pr\u00e9judice mat\u00e9riel, pertes de donn\u00e9es ou de programme, pr\u00e9judice financier, r\u00e9sultant de l\u2019utilisation de ce site ou de sites qui lui sont li\u00e9s. <br><br><strong>Mise \u00e0 jour<\/strong><br>PRISME Consultants se r\u00e9serve le droit de modifier et de mettre \u00e0 jour, sans pr\u00e9avis, les pr\u00e9sentes mentions l\u00e9gales et tous les \u00e9l\u00e9ments, produits pr\u00e9sent\u00e9s sur le site. L\u2019ensemble de ces modifications s\u2019impose aux internautes qui doivent consulter les pr\u00e9sentes Conditions G\u00e9n\u00e9rales lors de chaque connexion. <br><br><strong>Donn\u00e9es statistiques de suivi<\/strong><br>Nous pourrons utiliser les donn\u00e9es de connexion pour nos statistiques de consultation (type de navigateur, nombre de visiteurs, rubriques visit\u00e9es\u2026) pour l\u2019optimisation de notre site en termes de rubriques et de navigation, mais ces informations ne sont pas transmises \u00e0 des tiers.<br><br><strong>La reproduction sur support papier<\/strong><br>A l\u2019exception de l\u2019iconographie, la reproduction des pages de ce site sur un support papier est autoris\u00e9e, sous r\u00e9serve du respect des trois conditions suivantes :<br>\u2013 gratuit\u00e9 de la diffusion. <br>\u2013 respect de l\u2019int\u00e9grit\u00e9 des documents reproduits (aucune modification, ni alt\u00e9ration d\u2019aucune sorte). <br>\u2013 citation explicite du site www.PRISME Consultants.fr comme source et mention que les droits de reproduction sont r\u00e9serv\u00e9s et strictement limit\u00e9es.<\/p>\n","protected":false},"excerpt":{"rendered":"<p>Dispositions particuli\u00e8resINFORMATIONS GENERALESLe site www.prismeconsultants.fr est destin\u00e9 \u00e0 l\u2019information personnelle des personnes morales ou physiques qui l\u2019utilisent. Il est propri\u00e9t\u00e9 de Pascal Romand Directeur de PRISME ConsultantsPRISME ConsultantsSi\u00e8ge social : 549 rue Jean Jaur\u00e8s \u2013 76770 HouppevilleT\u00e9l\u00e9phone : 06 07 73 39 34N\u00b0 inscription SIRET : 478 856 586 00019Responsable [&hellip;]<\/p>\n","protected":false},"author":1,"featured_media":0,"parent":0,"menu_order":0,"comment_status":"closed","ping_status":"closed","template":"","meta":{"footnotes":""},"class_list":["post-363","page","type-page","status-publish","hentry"],"_links":{"self":[{"href":"https:\/\/prismeconsultants.fr\/index.php\/wp-json\/wp\/v2\/pages\/363","targetHints":{"allow":["GET"]}}],"collection":[{"href":"https:\/\/prismeconsultants.fr\/index.php\/wp-json\/wp\/v2\/pages"}],"about":[{"href":"https:\/\/prismeconsultants.fr\/index.php\/wp-json\/wp\/v2\/types\/page"}],"author":[{"embeddable":true,"href":"https:\/\/prismeconsultants.fr\/index.php\/wp-json\/wp\/v2\/users\/1"}],"replies":[{"embeddable":true,"href":"https:\/\/prismeconsultants.fr\/index.php\/wp-json\/wp\/v2\/comments?post=363"}],"version-history":[{"count":1,"href":"https:\/\/prismeconsultants.fr\/index.php\/wp-json\/wp\/v2\/pages\/363\/revisions"}],"predecessor-version":[{"id":364,"href":"https:\/\/prismeconsultants.fr\/index.php\/wp-json\/wp\/v2\/pages\/363\/revisions\/364"}],"wp:attachment":[{"href":"https:\/\/prismeconsultants.fr\/index.php\/wp-json\/wp\/v2\/media?parent=363"}],"curies":[{"name":"wp","href":"https:\/\/api.w.org\/{rel}","templated":true}]}}