{"id":327,"date":"2024-10-25T22:11:19","date_gmt":"2024-10-25T20:11:19","guid":{"rendered":"https:\/\/prismeconsultants.fr\/?page_id=327"},"modified":"2024-10-25T22:21:54","modified_gmt":"2024-10-25T20:21:54","slug":"partenaires","status":"publish","type":"page","link":"https:\/\/prismeconsultants.fr\/index.php\/partenaires\/","title":{"rendered":"Partenaires"},"content":{"rendered":"\n<div class=\"wp-block-media-text is-stacked-on-mobile\" style=\"grid-template-columns:15% auto\"><figure class=\"wp-block-media-text__media\"><img loading=\"lazy\" decoding=\"async\" width=\"371\" height=\"175\" src=\"https:\/\/prismeconsultants.fr\/wp-content\/uploads\/2024\/10\/sgs.png\" alt=\"\" class=\"wp-image-103 size-full\" srcset=\"https:\/\/prismeconsultants.fr\/wp-content\/uploads\/2024\/10\/sgs.png 371w, https:\/\/prismeconsultants.fr\/wp-content\/uploads\/2024\/10\/sgs-300x142.png 300w\" sizes=\"auto, (max-width: 371px) 100vw, 371px\" \/><\/figure><div class=\"wp-block-media-text__content\">\n<p>SGS leader mondial de l\u2019inspection, du contr\u00f4le, de l\u2019analyse et de la certification de syst\u00e8me de management de la qualit\u00e9. SGS France 2800 collaborateurs \u2013 120 bureaux et centres de contr\u00f4le \u2013 33 laboratoires et centre d\u2019essais<\/p>\n<\/div><\/div>\n\n\n\n<div class=\"wp-block-media-text is-stacked-on-mobile\" style=\"grid-template-columns:15% auto\"><figure class=\"wp-block-media-text__media\"><img loading=\"lazy\" decoding=\"async\" width=\"264\" height=\"118\" src=\"https:\/\/prismeconsultants.fr\/wp-content\/uploads\/2024\/10\/afpols.png\" alt=\"\" class=\"wp-image-89 size-full\"\/><\/figure><div class=\"wp-block-media-text__content\">\n<p>Organisme d\u00e9livrant des formations sp\u00e9cifiques aux m\u00e9tiers de l\u2019Habitat social<br>Formations Indicateurs et tableaux de bord qualit\u00e9<br>Parcours certifiant EMIS<br>D\u00e9veloppement de formations sp\u00e9cifiques au management de la qualit\u00e9<\/p>\n<\/div><\/div>\n\n\n\n<div class=\"wp-block-media-text is-stacked-on-mobile\" style=\"grid-template-columns:30% auto\"><figure class=\"wp-block-media-text__media\"><img loading=\"lazy\" decoding=\"async\" width=\"722\" height=\"236\" src=\"https:\/\/prismeconsultants.fr\/wp-content\/uploads\/2024\/10\/Capture-decran-2024-10-25-221316.png\" alt=\"\" class=\"wp-image-330 size-full\" srcset=\"https:\/\/prismeconsultants.fr\/wp-content\/uploads\/2024\/10\/Capture-decran-2024-10-25-221316.png 722w, https:\/\/prismeconsultants.fr\/wp-content\/uploads\/2024\/10\/Capture-decran-2024-10-25-221316-300x98.png 300w\" sizes=\"auto, (max-width: 722px) 100vw, 722px\" \/><\/figure><div class=\"wp-block-media-text__content\">\n<p>R\u00e9alisation de diagnostics qualit\u00e9 de service, d\u2019audits de mise en \u0153uvre et de v\u00e9rification de syst\u00e8me qualit\u00e9. Validation et v\u00e9rification de l\u2019efficacit\u00e9 des Plans d\u2019Actions d\u2019Am\u00e9lioration de la qualit\u00e9 de service de l\u2019organisme.<\/p>\n<\/div><\/div>\n\n\n\n<div class=\"wp-block-media-text is-stacked-on-mobile\" style=\"grid-template-columns:24% auto\"><figure class=\"wp-block-media-text__media\"><img loading=\"lazy\" decoding=\"async\" width=\"352\" height=\"163\" src=\"https:\/\/prismeconsultants.fr\/wp-content\/uploads\/2024\/10\/Capture-decran-2024-10-25-221428.png\" alt=\"\" class=\"wp-image-335 size-full\" srcset=\"https:\/\/prismeconsultants.fr\/wp-content\/uploads\/2024\/10\/Capture-decran-2024-10-25-221428.png 352w, https:\/\/prismeconsultants.fr\/wp-content\/uploads\/2024\/10\/Capture-decran-2024-10-25-221428-300x139.png 300w\" sizes=\"auto, (max-width: 352px) 100vw, 352px\" \/><\/figure><div class=\"wp-block-media-text__content\">\n<p>Analyse pr\u00e9dictive des donn\u00e9es \u2013 Anticipation Data Science \u2013 Business Intelligence \u2013 D\u00e9veloppement de solutions sp\u00e9cifiques dans l\u2019habitat social<\/p>\n<\/div><\/div>\n\n\n\n<div class=\"wp-block-media-text is-stacked-on-mobile\" style=\"grid-template-columns:15% auto\"><figure class=\"wp-block-media-text__media\"><img loading=\"lazy\" decoding=\"async\" width=\"207\" height=\"167\" src=\"https:\/\/prismeconsultants.fr\/wp-content\/uploads\/2024\/10\/Capture-decran-2024-10-25-221445.png\" alt=\"\" class=\"wp-image-334 size-full\"\/><\/figure><div class=\"wp-block-media-text__content\">\n<p><strong>HERIT-Age-Formations <\/strong><br>Formations sp\u00e9cifiques aux probl\u00e9matiques de vieillissement et de handicap (Savoir communiquer avec les seniors, G\u00e9rer le vieillissement de la population dans le logement social, Simulateur de vieillissement\u2026)<br><\/p>\n<\/div><\/div>\n\n\n\n<div class=\"wp-block-media-text is-stacked-on-mobile\" style=\"grid-template-columns:35% auto\"><figure class=\"wp-block-media-text__media\"><img loading=\"lazy\" decoding=\"async\" width=\"486\" height=\"132\" src=\"https:\/\/prismeconsultants.fr\/wp-content\/uploads\/2024\/10\/Capture-decran-2024-10-25-221456.png\" alt=\"\" class=\"wp-image-333 size-full\" srcset=\"https:\/\/prismeconsultants.fr\/wp-content\/uploads\/2024\/10\/Capture-decran-2024-10-25-221456.png 486w, https:\/\/prismeconsultants.fr\/wp-content\/uploads\/2024\/10\/Capture-decran-2024-10-25-221456-300x81.png 300w\" sizes=\"auto, (max-width: 486px) 100vw, 486px\" \/><\/figure><div class=\"wp-block-media-text__content\">\n<p>Expertise dans le traitement des donn\u00e9es pour \u00e9valuer vos prestations et celles des entreprises.<br>D\u00e9veloppement d\u2019outils mobiles de collectes d\u2019informations (contr\u00f4les \u00e9quipements de s\u00e9curit\u00e9, propret\u00e9\u2026)<br>D\u00e9veloppement d\u2019outils de prises de rendez-vous locataires\/bailleurs<\/p>\n<\/div><\/div>\n\n\n\n<div class=\"wp-block-media-text is-stacked-on-mobile\" style=\"grid-template-columns:24% auto\"><figure class=\"wp-block-media-text__media\"><img loading=\"lazy\" decoding=\"async\" width=\"749\" height=\"324\" src=\"https:\/\/prismeconsultants.fr\/wp-content\/uploads\/2024\/10\/9694760.png\" alt=\"\" class=\"wp-image-338 size-full\" srcset=\"https:\/\/prismeconsultants.fr\/wp-content\/uploads\/2024\/10\/9694760.png 749w, https:\/\/prismeconsultants.fr\/wp-content\/uploads\/2024\/10\/9694760-300x130.png 300w\" sizes=\"auto, (max-width: 749px) 100vw, 749px\" \/><\/figure><div class=\"wp-block-media-text__content\">\n<p>Traitement des probl\u00e9matiques li\u00e9es aux b\u00e2timents et leurs utilisations. <br>&#8211; Ma\u00eetrise d\u2019Ouvrage (audit technique des immeubles, plan d\u2019entretien du patrimoine, dossier de due diligence technique, suivi des acquisitions en VEFA\u2026)<br>&#8211; Cyndinique &amp; gestion de crise (audit s\u00e9curit\u00e9, audit s\u00fbret\u00e9, gestion des risques professionnels (DU EVRP, plan de pr\u00e9vention), mise en place de PCA, gestion de crise)<br>&#8211; Environnement &amp; d\u00e9veloppement durable <br>&#8211; Ing\u00e9nierie de formation (cr\u00e9ation et animation de formation sur la s\u00e9curit\u00e9 des b\u00e2timents, sur l\u2019environnement (ICPE\u2026) et sur l\u2019ing\u00e9nierie du b\u00e2timent (maintenance, MOA\u2026)<br><\/p>\n<\/div><\/div>\n\n\n\n<div class=\"wp-block-media-text is-stacked-on-mobile\" style=\"grid-template-columns:35% auto\"><figure class=\"wp-block-media-text__media\"><img loading=\"lazy\" decoding=\"async\" width=\"1024\" height=\"127\" src=\"https:\/\/prismeconsultants.fr\/wp-content\/uploads\/2024\/10\/MyTalent42-Logo-2022-1024x127.png\" alt=\"\" class=\"wp-image-340 size-full\" srcset=\"https:\/\/prismeconsultants.fr\/wp-content\/uploads\/2024\/10\/MyTalent42-Logo-2022-1024x127.png 1024w, https:\/\/prismeconsultants.fr\/wp-content\/uploads\/2024\/10\/MyTalent42-Logo-2022-300x37.png 300w, https:\/\/prismeconsultants.fr\/wp-content\/uploads\/2024\/10\/MyTalent42-Logo-2022-768x95.png 768w, https:\/\/prismeconsultants.fr\/wp-content\/uploads\/2024\/10\/MyTalent42-Logo-2022-1536x190.png 1536w, https:\/\/prismeconsultants.fr\/wp-content\/uploads\/2024\/10\/MyTalent42-Logo-2022-2048x254.png 2048w\" sizes=\"auto, (max-width: 1024px) 100vw, 1024px\" \/><\/figure><div class=\"wp-block-media-text__content\">\n<p><strong>MyTalent42<\/strong><br>Am\u00e9lioration de l&rsquo;exp\u00e9rience utilisateur, agence sp\u00e9cialis\u00e9e en UX\/UI.<br>Conception et optimisation de parcours utilisateurs intuitifs<br>Expertise en design d\u2019interfaces pour le web et le mobile<br>Audit UX, tests utilisateurs et conseils en strat\u00e9gie digitale<\/p>\n<\/div><\/div>\n","protected":false},"excerpt":{"rendered":"<p>SGS leader mondial de l\u2019inspection, du contr\u00f4le, de l\u2019analyse et de la certification de syst\u00e8me de management de la qualit\u00e9. SGS France 2800 collaborateurs \u2013 120 bureaux et centres de contr\u00f4le \u2013 33 laboratoires et centre d\u2019essais Organisme d\u00e9livrant des formations sp\u00e9cifiques aux m\u00e9tiers de l\u2019Habitat socialFormations Indicateurs et tableaux [&hellip;]<\/p>\n","protected":false},"author":1,"featured_media":0,"parent":0,"menu_order":0,"comment_status":"closed","ping_status":"closed","template":"","meta":{"footnotes":""},"class_list":["post-327","page","type-page","status-publish","hentry"],"_links":{"self":[{"href":"https:\/\/prismeconsultants.fr\/index.php\/wp-json\/wp\/v2\/pages\/327","targetHints":{"allow":["GET"]}}],"collection":[{"href":"https:\/\/prismeconsultants.fr\/index.php\/wp-json\/wp\/v2\/pages"}],"about":[{"href":"https:\/\/prismeconsultants.fr\/index.php\/wp-json\/wp\/v2\/types\/page"}],"author":[{"embeddable":true,"href":"https:\/\/prismeconsultants.fr\/index.php\/wp-json\/wp\/v2\/users\/1"}],"replies":[{"embeddable":true,"href":"https:\/\/prismeconsultants.fr\/index.php\/wp-json\/wp\/v2\/comments?post=327"}],"version-history":[{"count":5,"href":"https:\/\/prismeconsultants.fr\/index.php\/wp-json\/wp\/v2\/pages\/327\/revisions"}],"predecessor-version":[{"id":342,"href":"https:\/\/prismeconsultants.fr\/index.php\/wp-json\/wp\/v2\/pages\/327\/revisions\/342"}],"wp:attachment":[{"href":"https:\/\/prismeconsultants.fr\/index.php\/wp-json\/wp\/v2\/media?parent=327"}],"curies":[{"name":"wp","href":"https:\/\/api.w.org\/{rel}","templated":true}]}}