{"id":322,"date":"2024-10-25T21:57:31","date_gmt":"2024-10-25T19:57:31","guid":{"rendered":"https:\/\/prismeconsultants.fr\/?page_id=322"},"modified":"2024-10-25T22:07:51","modified_gmt":"2024-10-25T20:07:51","slug":"references-clients","status":"publish","type":"page","link":"https:\/\/prismeconsultants.fr\/index.php\/references-clients\/","title":{"rendered":"R\u00e9f\u00e9rences clients"},"content":{"rendered":"\n<h4 class=\"wp-block-heading has-accent-color has-text-color has-link-color wp-elements-6799c4d27d8ff36e133724651a7804fe\">ILE-DE-FRANCE<\/h4>\n\n\n\n<p><strong>ELOGIE-SIEMP<\/strong><br>2018 Mission d\u2019audit d\u2019\u00e9valuation QUALIBAIL<br>2018-2020 Accompagnement QUALIBAIL <br><br><strong>LSVO (Erig\u00e8re)<\/strong><br>2016 Mission d\u2019audit d\u2019\u00e9valuation QUALIBAIL <br><br><strong>LOGEMENT FRANCILIEN (1001 vies habitat)<\/strong><br>2015 Mission d\u2019audit blanc QUALIBAIL &#8211; Accompagnement partielle sur les engagements critiques \u2013 Dispositifs d\u2019\u00e9valuation prestaires  <br>2015 Formation \u00ab Auditeurs internes QUALIBAIL \u00bb<br><br><strong>SOGEMAC HABITAT (Seqens)<\/strong><br>2013 Mission d\u2019audit d\u2019\u00e9valuation QUALIBAIL <br>2016 Accompagnement QUALIBAIL <br>2018 Accompagnement Label Habitat Senior Services <br><br><strong>VAL PARISIS HABITAT<\/strong><br>2015 &#8211; Mission d\u2019audit d\u2019\u00e9valuation QUALIBAIL <br>2016 &#8211; Accompagnements QUALIBAIL II &amp; III<br>2018 \u2013 Elaboration d\u2019une Charte seniors (axes techniques et services associ\u00e9s)<br><br><strong>DOMAXIS (Seqens)<\/strong><br>2014 &#8211; Mission d\u2019audit d\u2019\u00e9valuation QUALIBAIL <br><br><strong>OGIF (IN\u2019LI)<\/strong><br>2010 \u2013 Mission d\u2019audit blanc ISO 9000 v2008<br><br><strong>FRANCE HABITATION (Seqens)<\/strong><br>2010 \u2013 Mission d\u2019audit blanc ISO 9000 v2008<br><br><strong>SEINE OUEST HABITAT &amp; PATRIMOINE (Horizon Habitat)<\/strong><br>2018 \u2013 2019 Audit de mise en \u0153uvre et de v\u00e9rification QUALI\u2019HLM<br>2019 Etude sur l\u2019organisation des services de proximit\u00e9 et du patrimoine<br>2021-2023 Cycle 2 Quali hlm (Diagnostic HQS et audit de v\u00e9rification)<br><br><strong>IDF HABITAT<\/strong><br>2019 Mise en place d\u2019une d\u00e9marche de labellisation QUALI\u2019HLM<br>2019-2022 Diagnostic HQS &#8211; Audit de mise en \u0153uvre et de v\u00e9rification QUALI\u2019HLM<br><br><strong>TOIT ET JOIE (Poste Habitat))<\/strong><br>2015 Formation \u00ab Auditeurs internes ISO \u00bb<br>2009 Accompagnement \u00e0 la certification ISO 9000 \u00ab Gestion locative \u00bb et \u00ab Maitrise d\u2019ouvrage \u00bb<br>2007 Formation \u00ab Auditeurs internes \u00bb<br><br><strong>AB HABITAT <\/strong><br>2009 Formation \u00ab Appr\u00e9hender la certification QUALIBAIL \u00bb<br><br><strong>IMMOBILIERE MOULIN VERT (Habitat en R\u00e9gion)<\/strong><br>2008 Pr\u00e9sentation des principes de la qualit\u00e9 de service<br><br><strong>MONTROUGE HABITAT<\/strong><br>2022 Cycle 1 Quali hlm (diagnostic \u2013 audits de mise en \u0153uvre et de v\u00e9rification)<\/p>\n\n\n\n<h4 class=\"wp-block-heading has-accent-color has-text-color has-link-color wp-elements-d1f5ff17f7c3bffb896ea497200791ec\">HAUTS-DE-FRANCE <\/h4>\n\n\n\n<p><strong>HABITAT HAUTS DE FRANCE <\/strong><br>2008 Mission d\u2019audit blanc ISO 9000<br>2003 Mission d\u2019audit blanc ISO 14000<br><br><strong>HABITAT DU NORD (Mon abri Groupe)<\/strong><br>2012 Formation \u00ab Auditeurs internes \u00bb<br><br><strong>NOTRE LOGIS (I3F)<\/strong><br>2013 Mission d\u2019audit d\u2019\u00e9valuation des processus ISO -Identification des axes d\u2019am\u00e9lioration<br><br><strong>BAIE DE SOMME HABITAT (Amsom)<\/strong><br>2019 \u00e0 2022 Mise en place d\u2019une d\u00e9marche de labellisation QUALI\u2019HLM<br>Diagnostic HQS * Audit de mise en \u0153uvre et de v\u00e9rification QUALI\u2019HLM<br><br><strong>OPSOM (Amsom)<\/strong><br>2019 Mise en place des proc\u00e9dures en lien avec le R\u00e9f\u00e9rentiel QUALIBAIL<br>2016 Mise en place d\u2019une d\u00e9marche de labellisation QUALI\u2019HLM<br>Diagnostic HQS &#8211; Audit de mise en \u0153uvre et de v\u00e9rification QUALI\u2019HLM<br><br><strong>OPAC D\u2019AMIENS (Amsom)<\/strong><br>2019-2020 Mise en place d\u2019une d\u00e9marche de labellisation QUALI\u2019HLM<br>Diagnostic HQS * Audit de mise en \u0153uvre et de v\u00e9rification QUALI\u2019HLM<br>Analyse des pratiques op\u00e9rationnelles dans le cadre d\u2019une fusion<br><br><strong>OPAC DE L\u2019OISE<\/strong><br>2016\u20132017\u20132018 \u2013 2021 Missions d\u2019audit de labellisation Habitat Senior Services SGS<br><br><strong>LOGIS METROPOLE (Mon abri Groupe)<\/strong><br>2004-2005 Mise en place des proc\u00e9dures exig\u00e9es par le r\u00e9f\u00e9rentiel QUALIBAIL<br><br><strong>SOCIETE IMMOBILIERE PICARDE<\/strong><br>2021-2023 Mise en place d\u2019une d\u00e9marche de labellisation QUALI\u2019HLM<br>Renouvellement cycle 2 Quali hlm (Diagnostic HQS et Audit v\u00e9rification<br><br><strong>SIGH<\/strong><br>2019-2020 Refonte du contrat multiservices<br>2021 Audit blanc pr\u00e9alable \u00e0 la certification Qualibail<\/p>\n\n\n\n<h4 class=\"wp-block-heading has-accent-color has-text-color has-link-color wp-elements-b20fe336ca0f660085fbfe65514826ed\">NORMANDIE<\/h4>\n\n\n\n<p><strong>LOGEAL IMMOBILIERE (Territoire et Habitat Normand)<\/strong><br>2016 Mission d\u2019audit de labellisation Habitat Senior Services<br>2011 Accompagnement certification ISO \u00ab Contr\u00f4le interne \u00bb et \u00ab Direction financi\u00e8re et comptable \u00bb<br>2005-2008 Mission d\u2019AMO de responsable qualit\u00e9 <br>2005 Formation \u00ab Responsable qualit\u00e9 \u00bb<br>1999\u20132002 Cr\u00e9ation et mise en place de la certification QUALIBAIL<br>1994 Mise en place de la certification ISO \u00ab GTP \u2013 Ma\u00eetrise d\u2019ouvrage et Gestion locative \u00bb<br><br><strong>COOPERATIVE SEINE MANCHE PROMOTION<\/strong><br>2006 Red\u00e9finition et mise en \u0153uvre du processus de Ma\u00eetrise d\u2019ouvrage neuf<br><br><strong>SEINE HABITAT (Rouen M\u00e9tropole Habitat)<\/strong><br>2010 \u00e0 2021 Missions d\u2019audit interne QUALIBAIL<br>2010-2011 Accompagnement certification QUALIBAIL <br><br><strong>SODINEUF HABITAT NORMAND<\/strong><br>2004 \u00e0 2015 Missions d\u2019audit interne QUALIBAIL<br>2008 Mise en place d\u2019un dispositif de gestion de crise<br>2002-2003 Accompagnement certification QUALIBAIL <br><br><strong>QUEVILLY HABITAT (Rouen M\u00e9tropole Habitat)<\/strong><br>2006 \u00e0 2019 Missions d\u2019audit interne QUALIBAIL<br>2014-2015 Accompagnement partiel d\u00e9marche RSE<br>2010-2011 Accompagnement certification QUALIBAIL <br><br><strong>ROUEN HABITAT (Rouen M\u00e9tropole Habitat)<\/strong><br>2020 R\u00e9alisation du diagnostic HQS Quali hlm<br>2013 Accompagnement \u00e0 la mise en place des proc\u00e9dures du r\u00e9f\u00e9rentiel QUALIBAIL <br>2020 &#8211; 2023 Cycle 1 Quali hlm (diagnostic \u2013 audit de mise en \u0153uvre et de v\u00e9rifications)<br><br><strong>SAGIM<\/strong><br>2020-2021 Accompagnement certification Qualibail<br>2019 Mission d\u2019audit d\u00e9valuation QUALIBAIL<br><br><strong>LOGIS FAMILIAL<\/strong><br>2020-2021 Accompagnement certification Qualibail<br>2019 Mission d\u2019audit d\u00e9valuation QUALIBAIL<br><br><strong>LOGISEINE (Logeo Seine)<\/strong><br>2018 Mise en place des dispositifs relatifs \u00e0 la loi Sapin 2<br>2004 \u00e0 2019 Missions d\u2019audit interne QUALIBAIL<br>2002-2004 Accompagnement certification QUALIBAIL <br><br><strong>TOIT FAMILIAL DE SOTTEVILLE-LES-ROUEN (Rouen M\u00e9tropole Habitat)<\/strong><br>2008 \u00e0 2021 Missions d\u2019audit interne QUALIBAIL<br>2017 Elaboration de la CUS 2<br>2006 Accompagnement certification QUALIBAIL<br>2010 Elaboration de la CUS 1<br><br><strong>HABITAT 76<\/strong><br>2016 &#8211; 2019 Mise en place d\u2019une d\u00e9marche de labellisation QUALI\u2019HLM<br>Cycle 1 Diagnostic HQS * Audit de mise en \u0153uvre et de v\u00e9rification QUALI\u2019HLM<br><br><strong>LE FOYER STEPHANAIS (Arcade)<\/strong><br>2016 Formation \u00ab ISO 2015 \u00bb<br>2012 \u00e0 2021 Missions d\u2019Audits internes ISO<br>2007 Mission d\u2019audit blanc QUALIBAIL<br>2006 Accompagnement \u00e0 la certification QUALIBAIL <br><br><strong>LOGIPAYS (INOLYA)<\/strong><br>2008 Mission d\u2019audit blanc QUALIBAIL<br>2007 Accompagnement certification QUALIBAIL<br><br><strong>SA HLM DU COTENTIN (Territoire et Habitat Normand)<\/strong><br>2018 Mise en place du Diagnostic HQS QUALI\u2019HLM<br><br><strong>AGIRE (CDC Habitat)<\/strong><br>2017 Mission d\u2019audit \u00e9valuation QUALIBAIL<br>2019-2022 Accompagnement certification QUALIBAIL<br><br><strong>LE LOGEMENT 27<\/strong><br>2014 Formation \u00ab Appr\u00e9hender la certification QUALIBAIL \u00bb<br><br><strong>SEMINOR (Territoire et Habitat Normand)<\/strong><br>2019 Mission d\u2019audit sur le fonctionnement et le dimensionnement des activit\u00e9s du P\u00f4le Logement \u2013 Mise en \u0153uvre de la r\u00e9organisation du P\u00f4le \u2013 Red\u00e9finition des fonctions &#8211; Planification du changement<br><br><strong>SIEMOR (Rouen M\u00e9tropole Habitat)<\/strong><br>2021 Mission d\u2019audit \u00e9valuation QUALIBAIL<br>2021-2022 Accompagnement certification QUALIBAIL<br><br><strong>EBS HABITAT (CDC Habitat)<\/strong><br>2021 Mission d\u2019audit \u00e9valuation QUALIBAIL<br>2021-2022 Accompagnement certification QUALIBAIL<br><br><strong>IMMOBILIERE BASSE SEINE (I3F)<\/strong><br>2020 Mission d\u2019audit \u00e9valuation QUALIBAIL<\/p>\n\n\n\n<h4 class=\"wp-block-heading has-accent-color has-text-color has-link-color wp-elements-0c4673a84172efb33b0c24b7b21e1f92\">PAYS DE LA LOIRE<\/h4>\n\n\n\n<p><strong>LE VAL DE LOIRE (Podeliha)<\/strong><br>2003 Audit blanc QUALIBAIL<br>2003 Accompagnement certification QUALIBAIL<br><br><strong>LOGIOUEST (Polylogis)<\/strong><br>2013-2015 Missions d\u2019audits HSS <br>2013 Accompagnement \u00e0 la labellisation Habitat Senior Services<br>2012 Elaboration et mise en \u0153uvre de chartes de proximit\u00e9 <br><br><strong>ATLANTIQUE HABITATIONS<\/strong><br>2013-2014 Missions d\u2019audit interne QUALIBAIL<br><br><strong>LE TOIT ANGEVIN (Podeliha)<\/strong><br>2009-2010 Accompagnement \u00e0 la labellisation Habitat Senior Services<br>2012-2013 Missions d\u2019audits HSS <br>2011 Mise en place des proc\u00e9dures de copropri\u00e9t\u00e9<br>2005-2006 Accompagnement certification QUALIBAIL <br>2006 Mission Audit blanc QUALIBAIL <\/p>\n\n\n\n<h4 class=\"wp-block-heading has-accent-color has-text-color has-link-color wp-elements-c4ef6eeb3b65a192c6766bfa545c8c76\">BOURGOGNE FRANCHE-COMTE<\/h4>\n\n\n\n<p><strong>TERRITOIRE HABITAT<\/strong><br>2018 Cycle 1 Quali hlm (diagnostic &#8211; audits de mise en \u0153uvre et de v\u00e9rification)<br>2020 \u2013 2022 Accompagnement Qualibail<br><br><strong>LOGIVIE (Habellis)<\/strong><br>2016-2017 Accompagnement \u00e0 la certification QUALIBAIL<br>2015 Mission d\u2019audit \u00e9valuation QUALIBAIL<br><br><strong>DOMANYS (Idelians)<\/strong><br>2019 &#8211; 2021 Audit SGS Habitat Senior Services<br>2011 \u2013 2016 Mission d\u2019audit Qualibail<br>2013 Elaboration de plans d\u2019actions territorialis\u00e9s suite \u00e0 en qu\u00eate de satisfaction triennale<\/p>\n\n\n\n<h4 class=\"wp-block-heading has-accent-color has-text-color has-link-color wp-elements-395f2e29e930b8cd1d05b5e276193058\">NOUVELLE-AQUITAINE<\/h4>\n\n\n\n<p><strong>HABITAT DE LA VIENNE<\/strong><br>2016\u20132019 Missions d\u2019audit de labellisation Habitat Senior Services SGS<br><br><strong>EKIDOM<\/strong><br>2020\u20132022 Mise en place labellisation Habitat Senior Services <br><br><strong>HABITAT SUD ATLANTIC<\/strong><br>2021\u20132023 Cycle 2 La bel Quali hlm (diagnostic et audit de v\u00e9rification)<\/p>\n\n\n\n<h4 class=\"wp-block-heading has-accent-color has-text-color has-link-color wp-elements-c9273eec95f675b1e5170421bc729c90\">GRAND-EST<\/h4>\n\n\n\n<p><strong>OMH DU GRAND NANCY (Habitat Lorrain)<\/strong><br>2021 Formation auditeurs interne<br>2019-Validation de la charte qualit\u00e9 de l\u2019organisme<br>2018 Formation \u00ab Responsable qualit\u00e9 \u00bb<br>2016-2019 Missions d\u2019audits internes QUALIBAIL<br>2016 Accompagnement certification QUALIBAIL <br>2016 Conseils relatifs aux plans d\u2019actions d\u2019am\u00e9lioration issus du diagnostic QUALIHLM<br>2016-2017 Formations \u00ab Philosophie et exigences de la norme ISO 2015 \u00bb<br>2015-2016-2018 Formations \u00ab Auditeurs internes \u00bb<br>2015-2016 Formations \u00ab R\u00f4les et missions du r\u00e9f\u00e9rent qualit\u00e9 \u00bb<br>2015-2019 Animations Revues de direction Qualit\u00e9<br>2015 Mission d\u2019audit interne ISO<br>2015-2018 Refonte des proc\u00e9dures du syst\u00e8me qualit\u00e9<br><br><strong>OPH METZ METROPOLE<\/strong><br>2018 Formations \u00ab Indicateurs et tableaux de bord \u00bb<br><br><strong>CHAUMONT HABITAT<\/strong><br>2010 \u00e0 2017 Missions d\u2019audits internes QUALIBAIL <br>2010 Accompagnement certification QUALIBAIL <br>2009 Formation \u00ab Appr\u00e9hender la certification QUALIBAIL \u00bb<br><br><strong>OPH MEUSE (Plurial Novilia)<\/strong><br>2016 Mise en place d\u2019une d\u00e9marche de labellisation QUALI\u2019HLM<br>Diagnostic HQS * Audit de mise en \u0153uvre et de v\u00e9rification QUALI\u2019HLM<br><br><strong>TROYES HABITAT (Troyes Aube Habitat)<\/strong><br>2015 Formation\/Action \u00ab Auditeurs internes \u00bb<br><br><strong>HABITAT DE HAUTE ALSACE<\/strong><br>2017 &#8211; 2018 Accompagnement \u00e0 la certification QUALIBAIL<br>2017 &#8211; 2018 \u2013 2019 \u2013 2021 Missions d\u2019audits internes QUALIBAIL<br>2020 \u2013 2021 S\u00e9minaire et ateliers Propret\u00e9 et r\u00e9clamations clients<br><br><strong>FOYER REMOIS (Global Habitat)<\/strong><br>1999-2001 Accompagnement \u00e0 la certification QUALIBAIL<br><br><strong>ESPACE HABITAT<\/strong><br>2008 Mission d\u2019audit blanc QUALIBAIL<br>2007-2008 Accompagnement \u00e0 la certification QUALIBAIL<br><br><strong>MEURTHE MOSELLE HABITAT<\/strong><br>2012 Mission d\u2019audit blanc QUALIBAIL<br>2013 Mission d\u2019audit relatif aux modalit\u00e9s de ma\u00eetrise des contrats d\u2019entretien<br><br><strong>LOGIEST (Vivest)<\/strong><br>2011 Formation \u00ab Responsable d\u2019agence \u00bb AFPOLS<br><br><strong>CDC Habitat<\/strong><br>2012 Formation \u00ab Responsable d\u2019agence \u00bb AFPOLS<br><br><strong>SOCIETE LORRAINE d\u2019HABITAT (Vivest)<\/strong><br>2017 Cycle 1 Quali hlm (diagnostic \u2013 audits de mise en \u0153uvre et de v\u00e9rification)<br><\/p>\n\n\n\n<h4 class=\"wp-block-heading has-accent-color has-text-color has-link-color wp-elements-06d37ee1b23e0880371fa2fb99b46c56\">BRETAGNE<\/h4>\n\n\n\n<p><strong>FINISTERE HABITAT<\/strong><br>2018 Mission d\u2019audit sur le fonctionnement du processus relocation et de son efficacit\u00e9<br>2008 Accompagnement \u00e0 la certification ISO Gestion locative<br><br><strong>HENNEBONT HABITAT<\/strong><br>2009 Mission d\u2019audit Charte Atout services<\/p>\n\n\n\n<h4 class=\"wp-block-heading has-accent-color has-text-color has-link-color wp-elements-4c5e8470d1e1c6219de770c64b3fac14\">CENTRE VAL-DE-LOIRE<\/h4>\n\n\n\n<p><strong>OPAC 36<\/strong><br>2015 Formation \u00ab Commercialisation des logements \u00bb<br>2012\u20132016 Missions d\u2019audit interne QUALIBAIL <br>2012-2013 Accompagnement \u00e0 la certification QUALIBAIL <\/p>\n\n\n\n<h4 class=\"wp-block-heading has-accent-color has-text-color has-link-color wp-elements-a426f8948c95ccb46770ae20f609f506\">OCCITANIE<\/h4>\n\n\n\n<p><strong>TOULOUSE METROPOLE HABITAT<\/strong><br>2018 Mission d\u2019audit ISO sur les proc\u00e9dures certifi\u00e9<br>2017 Accompagnement aux proc\u00e9dures relatives au r\u00e9f\u00e9rentiel QUALIBAIL<br>2017-2018 Accompagnement \u00e0 la certification ISO des activit\u00e9s Financi\u00e8re, de patrimoine et de la construction<br>2016 Mission d\u2019\u00e9valuation des processus ISO<br>2016 Mission d\u2019audit blanc Habitat Senior Services<br><br><strong>LA CITE JARDIN <\/strong><br>2018-2020 Accompagnement \u00e0 la labellisation Habitat Senior Services<br>2012-2013 Missions d\u2019audits blancs QUALIBAIL<br><br><strong>ALTEAL<\/strong><br>2010 Mission d\u2019audit blanc ISO<br>2007 Mission d\u2019audit blanc QUALIBAIL  <br>2007 Accompagnement \u00e0 la certification QUALIBAIL<br><br><strong>HERAULT LOGEMENT<\/strong><br>2013 Accompagnement \u00e0 la certification QUALIBAIL<br>2012 Mission d\u2019audit \u00e9valuation QUALIBAIL  <br><br><strong>TARN ET GARONNE HABITAT<\/strong><br>2019 Mission d\u2019audit de labellisation Habitat Senior Services SGS<br><br><strong>PROMOLOGIS<\/strong><br>2006 \u2013 2007 -2008 Missions d\u2019audits blancs QUALIBAIL (logements \u00e9tudiants et familiaux)<\/p>\n\n\n\n<h4 class=\"wp-block-heading has-accent-color has-text-color has-link-color wp-elements-c5cbf3f3820214dc7eb6475811f43943\">AUVERGNE-RHONE-ALPES<\/h4>\n\n\n\n<p><strong>HABITAT &amp; METROPOLE SAINT ETIENNE<\/strong><br>2021 Audit interne Qualibail<br>2021 Formation \u00ab Contr\u00f4le et Audit interne \u00bb<br>2018 Formation \u00ab Auditeurs internes \u00bb<br>2016 Formation \u00ab Commercialisation des logements \u00bb<br>2016 Accompagnement \u00e0 la certification QUALIBAIL<br>2015 Formation \u00ab Appr\u00e9hender la certification QUALIBAIL \u00bb<br><br><strong>SAVCL<\/strong><br>2021-2022 Formation auditeurs internes \u2013 Charte senior \u2013 R\u00e9f\u00e9rentiel Copropri\u00e9t\u00e9<br>2016-2019 Etat des lieux et refonte des proc\u00e9dures de fonctionnement de l\u2019organisme<br>2018 Formation \u00ab Auditeurs Habitat Senior Services \u00bb<br>2017 Accompagnement \u00e0 la labellisation Habitat Senior Services<br>2015 Formation \u00ab Principe de l\u2019audit QUALIBAIL \u00bb<br>2012-2013 Accompagnement certification QUALIBAIL<br><br><strong>SOCIETE DAUPHINOISE DE L\u2019HABITAT<\/strong><br>2017 Mission d\u2019audit de labellisation Habitat Senior Services SGS<br><br><strong>GRAND LYON HABITAT<\/strong><br>2008 Missions d\u2019audits interne QUALIBAIL et accompagnement partiel sur les actions d\u2019am\u00e9lioration pour obtention de la certification QUALIBAIL<br><br><strong>LA MAISON DU LOGEMENT 43<\/strong><br>2009 Mission d\u2019audit interne QUALIBAIL<br>2009 Formation \u00ab Auditer un syst\u00e8me qualit\u00e9 \u00bb<br><br><strong>HABITAT BVS<\/strong><br>2012 Mission d\u2019audit internes pilotage QUALIBAIL<br><br><strong>CRISTAL HABITAT<\/strong><br>2021 Mission d\u2019audit \u00e9valuation QUALIBAIL<br>2021 Accompagnement Qualibail<br>2022 Optimisation du processus de Ma\u00eetrise d\u2019ouvrage<br>REGIONS D\u2019OUTRE-MER<br><br><strong>SA HLM DE LA GUADELOUPE<\/strong><br>2018 Formations \u00ab Indicateurs et tableaux de bord \u00bb (Cycle certifiant AFPOLS)<br><br><strong>Soci\u00e9t\u00e9 Immobili\u00e8re du D\u00e9partement de la r\u00e9union<\/strong><br>2019 Formations \u00ab Indicateurs et tableaux de bord \u00bb (Cycle certifiant AFPOLS)<br><br><strong>OZANAM<\/strong><br>2022 Mission d\u2019audit \u00e9valuation QUALIBAIL<\/p>\n\n\n\n<h4 class=\"wp-block-heading has-accent-color has-text-color has-link-color wp-elements-4e33f56b5ca492a05d0666a127dca498\">AUTRES MISSIONS<\/h4>\n\n\n\n<p><strong>AFPOLS (Cycle certifiant AFPOLS)<\/strong><br>Depuis 2010 \u2013 Formations inter organismes \u00ab Indicateurs et tableaux de bord \u00bb (Cycle certifiant AFPOLS)<br><br><strong>COLLECTIVITES<\/strong><br>2015 Mise en place d\u2019un syst\u00e8me d\u2019astreinte pour la Communaut\u00e9 de communes C\u00f4te d\u2019Alb\u00e2tre <br>2015 Organisation des services de la commune de Paluel \u2013 Plan de sauvegarde communal<br><br><strong>COLLECTEURS<\/strong><br>2005 Cr\u00e9ation de r\u00e9f\u00e9rentiels de services acc\u00e9dants et Collectivit\u00e9s territoriales <\/p>\n","protected":false},"excerpt":{"rendered":"<p>ILE-DE-FRANCE ELOGIE-SIEMP2018 Mission d\u2019audit d\u2019\u00e9valuation QUALIBAIL2018-2020 Accompagnement QUALIBAIL LSVO (Erig\u00e8re)2016 Mission d\u2019audit d\u2019\u00e9valuation QUALIBAIL LOGEMENT FRANCILIEN (1001 vies habitat)2015 Mission d\u2019audit blanc QUALIBAIL &#8211; Accompagnement partielle sur les engagements critiques \u2013 Dispositifs d\u2019\u00e9valuation prestaires 2015 Formation \u00ab Auditeurs internes QUALIBAIL \u00bb SOGEMAC HABITAT (Seqens)2013 Mission d\u2019audit d\u2019\u00e9valuation QUALIBAIL 2016 Accompagnement [&hellip;]<\/p>\n","protected":false},"author":1,"featured_media":0,"parent":0,"menu_order":0,"comment_status":"closed","ping_status":"closed","template":"","meta":{"footnotes":""},"class_list":["post-322","page","type-page","status-publish","hentry"],"_links":{"self":[{"href":"https:\/\/prismeconsultants.fr\/index.php\/wp-json\/wp\/v2\/pages\/322","targetHints":{"allow":["GET"]}}],"collection":[{"href":"https:\/\/prismeconsultants.fr\/index.php\/wp-json\/wp\/v2\/pages"}],"about":[{"href":"https:\/\/prismeconsultants.fr\/index.php\/wp-json\/wp\/v2\/types\/page"}],"author":[{"embeddable":true,"href":"https:\/\/prismeconsultants.fr\/index.php\/wp-json\/wp\/v2\/users\/1"}],"replies":[{"embeddable":true,"href":"https:\/\/prismeconsultants.fr\/index.php\/wp-json\/wp\/v2\/comments?post=322"}],"version-history":[{"count":2,"href":"https:\/\/prismeconsultants.fr\/index.php\/wp-json\/wp\/v2\/pages\/322\/revisions"}],"predecessor-version":[{"id":325,"href":"https:\/\/prismeconsultants.fr\/index.php\/wp-json\/wp\/v2\/pages\/322\/revisions\/325"}],"wp:attachment":[{"href":"https:\/\/prismeconsultants.fr\/index.php\/wp-json\/wp\/v2\/media?parent=322"}],"curies":[{"name":"wp","href":"https:\/\/api.w.org\/{rel}","templated":true}]}}