{"id":307,"date":"2024-10-25T18:58:46","date_gmt":"2024-10-25T16:58:46","guid":{"rendered":"https:\/\/prismeconsultants.fr\/?page_id=307"},"modified":"2024-10-25T19:06:03","modified_gmt":"2024-10-25T17:06:03","slug":"habitat-senior-services","status":"publish","type":"page","link":"https:\/\/prismeconsultants.fr\/index.php\/habitat-senior-services\/","title":{"rendered":"Habitat Senior Services"},"content":{"rendered":"\n<div class=\"wp-block-media-text has-media-on-the-right is-stacked-on-mobile\" style=\"grid-template-columns:auto 15%\"><div class=\"wp-block-media-text__content\">\n<h4 class=\"wp-block-heading alignwide has-text-align-left has-accent-color has-text-color has-link-color wp-elements-c436fe315446a592baa423dcf5ecdd56\">UNE DEMARCHE PREVENTIVE DE MAINTIEN A DOMICILE\u00a0\u00a0\u00a0\u00a0\u00a0\u00a0 <\/h4>\n<\/div><figure class=\"wp-block-media-text__media\"><img loading=\"lazy\" decoding=\"async\" width=\"281\" height=\"330\" src=\"https:\/\/prismeconsultants.fr\/wp-content\/uploads\/2024\/10\/habitat-senior-services.png\" alt=\"\" class=\"wp-image-312 size-full\" srcset=\"https:\/\/prismeconsultants.fr\/wp-content\/uploads\/2024\/10\/habitat-senior-services.png 281w, https:\/\/prismeconsultants.fr\/wp-content\/uploads\/2024\/10\/habitat-senior-services-255x300.png 255w\" sizes=\"auto, (max-width: 281px) 100vw, 281px\" \/><\/figure><\/div>\n\n\n\n<h5 class=\"wp-block-heading has-text-color has-link-color wp-elements-bf89d35a7e30cf17ece3f406ddc7337d\" style=\"color:#3260c3\">Histoire<\/h5>\n\n\n\n<p><strong>2002\u00a0<\/strong>: Elaboration de la premi\u00e8re Charte Delphis relative \u00e0 la gestion d\u2019un \u00e9tablissement pour personnes \u00e2g\u00e9es<span style=\"font-size:10.0pt;font-family:&quot;Helvetica&quot;,sans-serif;mso-fareast-font-family:\n&quot;Times New Roman&quot;;color:#3B3B3B;mso-fareast-language:FR\"><\/span><br><strong>2003\u00a0<\/strong>: Premi\u00e8res tests, analyses et cotations techniques des parties communes et abords r\u00e9alis\u00e9s sur le parc immobilier de la SA d\u2019hlm &amp; d\u2019Am\u00e9nagement de Haute-Normandie (aujourd\u2019hui Log\u00e9al Immobili\u00e8re).<br><strong>6 avril 2004\u00a0<\/strong>: Pr\u00e9sentation du projet de Label aux membres adh\u00e9rents de Delphis<br><strong>2005\u00a0<\/strong>: Premi\u00e8re version et publication du Label d\u00e9velopp\u00e9 par les membres adh\u00e9rents de Delphis et diffusion des premi\u00e8res grilles d\u2019analyse de peuplement, d\u2019environnement de services,  d\u2019accessibilit\u00e9 et d\u2019adaptation des logements et des parties communes<br><strong>2013\u00a0<\/strong>: Log\u00e9al Immobili\u00e8re 1er organisme labellis\u00e9 HSS+ (services partenaires)<br><strong>2013 \u00e0 2019\u00a0:<\/strong> Elaboration successive des versions du Label.<\/p>\n\n\n<div class=\"wp-block-image\">\n<figure class=\"aligncenter size-full is-resized\"><img loading=\"lazy\" decoding=\"async\" width=\"610\" height=\"119\" src=\"https:\/\/prismeconsultants.fr\/wp-content\/uploads\/2024\/10\/delphislogeal.png\" alt=\"\" class=\"wp-image-93\" style=\"width:528px;height:auto\" srcset=\"https:\/\/prismeconsultants.fr\/wp-content\/uploads\/2024\/10\/delphislogeal.png 610w, https:\/\/prismeconsultants.fr\/wp-content\/uploads\/2024\/10\/delphislogeal-300x59.png 300w\" sizes=\"auto, (max-width: 610px) 100vw, 610px\" \/><\/figure>\n<\/div>\n\n\n<h5 class=\"wp-block-heading has-text-color has-link-color wp-elements-d63365e71fc2e7065bdcb6ef3bb6ba4d\" style=\"color:#3260c3\">Finalit\u00e9 et objectifs de labellisation<\/h5>\n\n\n\n<p>Sur la plupart des territoires, le vieillissement de la population pose des probl\u00e8mes pour les bailleurs sociaux face aux demandes de plus en plus significatives d\u2019adaptation des logements.<br>Le maintien \u00e0 domicile des personnes \u00e2g\u00e9es est devenu un enjeu strat\u00e9gique tant pour les pouvoirs publics que pour les organismes d\u2019habitat social.<br>Le Label Habitat Senior Services\u00ae permet \u00e0 tout organisme de se doter d\u2019une m\u00e9thodologie quant \u00e0 la mise en \u0153uvre de sa politique de vieillissement et des dispositions d\u2019organisation interne inh\u00e9rentes.<br><br>Cette m\u00e9thodologie s\u2019appuie principalement sur l\u2019identification du patrimoine qui serait concern\u00e9 par la labellisation et qui r\u00e9pondrait aux exigences :<\/p>\n\n\n\n<ul class=\"wp-block-list\">\n<li>Techniques concernant l\u2019accessibilit\u00e9 des parties communes et abords mais \u00e9galement concernant \u2018adaptation des logements.\u00a0\u00a0\u00a0\u00a0<\/li>\n\n\n\n<li>d\u2019environnement de services (commerces, transports, services publics de proximit\u00e9\u2026)<\/li>\n\n\n\n<li>de mixit\u00e9 g\u00e9n\u00e9rationnelle<\/li>\n<\/ul>\n\n\n\n<p>Elle est compl\u00e9t\u00e9e <strong>par la red\u00e9finition par le bailleur des responsabilit\u00e9s internes, des proc\u00e9dures en lien avec le Label, par la formation de tout collaborateur impact\u00e9<\/strong> par le dispositif d\u2019accompagnement des s\u00e9niors et <strong>par un dispositif d\u2019engagements de service du bailleur<\/strong> et\/ou de ses partenaires au b\u00e9n\u00e9fice des seniors<\/p>\n\n\n\n<h5 class=\"wp-block-heading has-text-color has-link-color wp-elements-45adc5bfa128ded184583e40d39ad226\" style=\"color:#3260c3\">Les exigences du Label<\/h5>\n\n\n\n<p><strong>Engagements <\/strong><br>Les engagements techniques et de services du bailleur <br>Les engagements de services des partenaires<br><br><strong>Dispositions de pilotage <\/strong><br>Strat\u00e9gie \u2013 Coordination &#8211; D\u00e9ploiement &#8211; Formation  <br><br><strong>Dispositions d\u2019organisation <\/strong><br>Politique de l\u2019offre logements \u2013 Attribution \u2013 Mutation &#8211; Production<br><br><strong>Dispositions de communication <\/strong><br>Communication interne \/ externe  <br><br><strong>Dispositions d\u2019\u00e9valuation Habitat Senior <\/strong><br>Audits \u2013 Niveaux de labellisation &#8211; Mesure de la satisfaction du locataire senior<\/p>\n\n\n\n<h5 class=\"wp-block-heading has-text-color has-link-color wp-elements-7b9c5670281d51ff62130423faa36638\" style=\"color:#3260c3\">La labellisation<\/h5>\n\n\n\n<p>Le label est attribu\u00e9 par le Comit\u00e9 de labellisation de Delphis.<br>La r\u00e9alisation de l\u2019audit d\u2019attribution (ou de renouvellement) est assur\u00e9e par des auditeurs accr\u00e9dit\u00e9s par les deux partenaires de Delphis dont SGS certification.<br><strong>Obtenir Le Label Habitat Senior Services \u00ae (nous contacter)<\/strong><br><\/p>\n\n\n\n<p><\/p>\n","protected":false},"excerpt":{"rendered":"<p>UNE DEMARCHE PREVENTIVE DE MAINTIEN A DOMICILE\u00a0\u00a0\u00a0\u00a0\u00a0\u00a0 Histoire 2002\u00a0: Elaboration de la premi\u00e8re Charte Delphis relative \u00e0 la gestion d\u2019un \u00e9tablissement pour personnes \u00e2g\u00e9es2003\u00a0: Premi\u00e8res tests, analyses et cotations techniques des parties communes et abords r\u00e9alis\u00e9s sur le parc immobilier de la SA d\u2019hlm &amp; d\u2019Am\u00e9nagement de Haute-Normandie (aujourd\u2019hui Log\u00e9al [&hellip;]<\/p>\n","protected":false},"author":1,"featured_media":0,"parent":0,"menu_order":0,"comment_status":"closed","ping_status":"closed","template":"","meta":{"footnotes":""},"class_list":["post-307","page","type-page","status-publish","hentry"],"_links":{"self":[{"href":"https:\/\/prismeconsultants.fr\/index.php\/wp-json\/wp\/v2\/pages\/307","targetHints":{"allow":["GET"]}}],"collection":[{"href":"https:\/\/prismeconsultants.fr\/index.php\/wp-json\/wp\/v2\/pages"}],"about":[{"href":"https:\/\/prismeconsultants.fr\/index.php\/wp-json\/wp\/v2\/types\/page"}],"author":[{"embeddable":true,"href":"https:\/\/prismeconsultants.fr\/index.php\/wp-json\/wp\/v2\/users\/1"}],"replies":[{"embeddable":true,"href":"https:\/\/prismeconsultants.fr\/index.php\/wp-json\/wp\/v2\/comments?post=307"}],"version-history":[{"count":2,"href":"https:\/\/prismeconsultants.fr\/index.php\/wp-json\/wp\/v2\/pages\/307\/revisions"}],"predecessor-version":[{"id":313,"href":"https:\/\/prismeconsultants.fr\/index.php\/wp-json\/wp\/v2\/pages\/307\/revisions\/313"}],"wp:attachment":[{"href":"https:\/\/prismeconsultants.fr\/index.php\/wp-json\/wp\/v2\/media?parent=307"}],"curies":[{"name":"wp","href":"https:\/\/api.w.org\/{rel}","templated":true}]}}