{"id":303,"date":"2024-10-25T18:29:53","date_gmt":"2024-10-25T16:29:53","guid":{"rendered":"https:\/\/prismeconsultants.fr\/?page_id=303"},"modified":"2024-10-25T18:29:54","modified_gmt":"2024-10-25T16:29:54","slug":"formations-competences","status":"publish","type":"page","link":"https:\/\/prismeconsultants.fr\/index.php\/formations-competences\/","title":{"rendered":"Formations &amp; competences"},"content":{"rendered":"\n<p>La formation professionnelle constitue un levier de r\u00e9ussite de l\u2019entreprise. Pour conduire les changements n\u00e9cessaires \u00e0 la strat\u00e9gie de l\u2019organisme notamment en mati\u00e8re qualit\u00e9 de service, la formation n\u2019a pour int\u00e9r\u00eat les 3 points suivants : <\/p>\n\n\n\n<ul class=\"wp-block-list\">\n<li>Am\u00e9liorer les comp\u00e9tences et l\u2019autonomie.<\/li>\n\n\n\n<li>Penser aux m\u00e9tiers de demain.<\/li>\n\n\n\n<li>Donner du sens et de la motivation au travail.<\/li>\n<\/ul>\n\n\n\n<p>C\u2019est autour de ces enjeux majeurs que PRISME Consultants &#8211; organisme de formation agr\u00e9\u00e9 RNQ Qualiopi &#8211; propose des formations <strong>d\u00e9livr\u00e9es uniquement en intra<\/strong> r\u00e9pondant aux besoins de votre organisme.<\/p>\n\n\n\n<h4 class=\"wp-block-heading has-accent-color has-text-color has-link-color wp-elements-1a0e88dc461caadba4fe346bdb371b65\">QUALITE DE SERVICE<\/h4>\n\n\n\n<p><strong>Appr\u00e9hender et mettre en place le r\u00e9f\u00e9rentiel qualit\u00e9 de service Qualibail 3\u00a9<\/strong><br>Philosophie du r\u00e9f\u00e9rentiel, m\u00e9thodologie, planification et mise en \u0153uvre<br><strong>Appr\u00e9hender et mettre en place le Label Habitat Senior Service\u00a9 <\/strong><br>Philosophie du r\u00e9f\u00e9rentiel, m\u00e9thodologie, planification et mise en \u0153uvre<br><strong>L\u2019ISO 9001 V2015 : Mettre votre syst\u00e8me de management de la qualit\u00e9 au service de la strat\u00e9gie de l\u2019entreprise<\/strong><br>Strat\u00e9gie op\u00e9rationnelle, choix du p\u00e9rim\u00e8tre, construction de vos processus, vos parties prenantes &amp; analyse des risques <br><strong>Indicateurs et tableaux de bord pour mesurer la performance qualit\u00e9 de l\u2019organisme<\/strong><br>Concept, repr\u00e9sentation et formalisation de ses indicateurs qualit\u00e9<\/p>\n\n\n\n<h4 class=\"wp-block-heading has-accent-color has-text-color has-link-color wp-elements-cb2e19ae9e3488e3a692fe5611ed79c5\">RESPONSABILITES<\/h4>\n\n\n\n<p><strong>Responsable qualit\u00e9<\/strong><br>Positionnement dans l\u2019organisme, r\u00f4le &amp; responsabilit\u00e9s, outils \u00e0 mettre en place<br><strong>Auditeur qualit\u00e9 dans le logement social<\/strong><br>Philosophie, missions, d\u00e9roul\u00e9s et outils\/techniques d\u2019audit<br><strong>Pratiquer l\u2019audit interne (formation \/action)<\/strong><br>2 s\u00e9quences\u00a0: \u00catre former et auditer son propre syst\u00e8me qualit\u00e9 (de la pr\u00e9paration au rapport d\u2019audit)<br><strong>Gestion des risques et contr\u00f4le interne<\/strong><br>Objectifs, philosophie, positionnement, m\u00e9thodologie et exploitation\u00a0 <\/p>\n\n\n\n<h4 class=\"wp-block-heading has-accent-color has-text-color has-link-color wp-elements-978cb1230ce23073d7d19087b13911d0\">METIERS<\/h4>\n\n\n\n<p><strong>Commercialisation des logements<\/strong><br>Processus de commercialisation, les bonnes  pratiques \u00e0 chaque \u00e9tape de la relocation<br><br><\/p>\n\n\n\n<p><\/p>\n","protected":false},"excerpt":{"rendered":"<p>La formation professionnelle constitue un levier de r\u00e9ussite de l\u2019entreprise. Pour conduire les changements n\u00e9cessaires \u00e0 la strat\u00e9gie de l\u2019organisme notamment en mati\u00e8re qualit\u00e9 de service, la formation n\u2019a pour int\u00e9r\u00eat les 3 points suivants : C\u2019est autour de ces enjeux majeurs que PRISME Consultants &#8211; organisme de formation agr\u00e9\u00e9 [&hellip;]<\/p>\n","protected":false},"author":1,"featured_media":0,"parent":0,"menu_order":0,"comment_status":"closed","ping_status":"closed","template":"","meta":{"footnotes":""},"class_list":["post-303","page","type-page","status-publish","hentry"],"_links":{"self":[{"href":"https:\/\/prismeconsultants.fr\/index.php\/wp-json\/wp\/v2\/pages\/303","targetHints":{"allow":["GET"]}}],"collection":[{"href":"https:\/\/prismeconsultants.fr\/index.php\/wp-json\/wp\/v2\/pages"}],"about":[{"href":"https:\/\/prismeconsultants.fr\/index.php\/wp-json\/wp\/v2\/types\/page"}],"author":[{"embeddable":true,"href":"https:\/\/prismeconsultants.fr\/index.php\/wp-json\/wp\/v2\/users\/1"}],"replies":[{"embeddable":true,"href":"https:\/\/prismeconsultants.fr\/index.php\/wp-json\/wp\/v2\/comments?post=303"}],"version-history":[{"count":1,"href":"https:\/\/prismeconsultants.fr\/index.php\/wp-json\/wp\/v2\/pages\/303\/revisions"}],"predecessor-version":[{"id":304,"href":"https:\/\/prismeconsultants.fr\/index.php\/wp-json\/wp\/v2\/pages\/303\/revisions\/304"}],"wp:attachment":[{"href":"https:\/\/prismeconsultants.fr\/index.php\/wp-json\/wp\/v2\/media?parent=303"}],"curies":[{"name":"wp","href":"https:\/\/api.w.org\/{rel}","templated":true}]}}