{"id":295,"date":"2024-10-25T17:40:54","date_gmt":"2024-10-25T15:40:54","guid":{"rendered":"https:\/\/prismeconsultants.fr\/?page_id=295"},"modified":"2024-10-25T18:10:56","modified_gmt":"2024-10-25T16:10:56","slug":"conseils-accompagnements","status":"publish","type":"page","link":"https:\/\/prismeconsultants.fr\/index.php\/conseils-accompagnements\/","title":{"rendered":"Conseils &amp; Accompagnements"},"content":{"rendered":"\n<p>L\u2019accompagnement s\u2019appuie sur des principes et des valeurs qui font la marque de fabrique du Cabinet PRISME Consultants.<br>C\u2019est \u00e9galement le fait que chaque bailleur, quelle que soit sa taille, son organisation et son territoire, b\u00e9n\u00e9ficie de notre retour d\u2019exp\u00e9rience avec nos clients.<br>Fort de ces exp\u00e9riences, nos missions se d\u00e9roulent selon la s\u00e9quence ci-dessous :<\/p>\n\n\n\n<h4 class=\"wp-block-heading has-accent-color has-text-color has-link-color wp-elements-a09114eaa3f4371b2a1d00f5c08ef1d6\">Diagnostic initial<\/h4>\n\n\n\n<p>Il permet de prendre connaissance de votre structure et d\u2019identifier l\u2019ensemble des bonnes pratiques \u00e0 int\u00e9grer dans la d\u00e9marche, jusqu\u2019\u00e0 70% des exigences selon les bailleurs. Cette phase permet ainsi de <strong>dimensionner au plus juste la proposition d\u2019accompagnement, notamment en r\u00e9duisant le budget au minimum n\u00e9cessaire<\/strong>.<\/p>\n\n\n\n<h4 class=\"wp-block-heading has-accent-color has-text-color has-link-color wp-elements-c4c9be8d41d11af0e369c6d20caabd1f\">Strat\u00e9gie<\/h4>\n\n\n\n<p>Discussion et \u00e9laboration avec le Dirigeant de la Strat\u00e9gie qualit\u00e9 prenant en compte les attentes des parties prenantes, les d\u00e9lais, le champ d\u2019intervention et les objectifs particuliers recherch\u00e9s.<\/p>\n\n\n\n<h4 class=\"wp-block-heading has-accent-color has-text-color has-link-color wp-elements-f3db0449f56aa539a84ccb085ea513f4\">Planning de d\u00e9ploiement<\/h4>\n\n\n\n<p>\u00c9tabli \u00e0 un niveau de d\u00e9tail suffisant, il permet d\u2019identifier \u00e0 minima les t\u00e2ches principales \u00e0 effectuer, les d\u00e9lais souhait\u00e9s et les acteurs concern\u00e9s. Cette phase permet de <strong>gagner du temps dans la mise en place de votre d\u00e9marche Qualit\u00e9.<\/strong><\/p>\n\n\n\n<h4 class=\"wp-block-heading has-accent-color has-text-color has-link-color wp-elements-25d92e2f55c6d889665a34615ce31666\">Accompagnement\/Conseil<\/h4>\n\n\n\n<p>R\u00e9alis\u00e9 par un consultant d\u00e9di\u00e9 \u00e0 votre entreprise pendant tout l\u2019accompagnement, ce qui permet la <strong>continuit\u00e9 et la coh\u00e9rence<\/strong> du conseil \u00e0 travers une relation privil\u00e9gi\u00e9e entre le consultant et votre chef de projet interne.<\/p>\n\n\n\n<h4 class=\"wp-block-heading has-accent-color has-text-color has-link-color wp-elements-d99382529d1611977321302d4d71cda1\">R\u00e9daction de la documentation<\/h4>\n\n\n\n<p>Proc\u00e9dures, Manuel, Tableaux de bord, etc. Bien que ces documents ne soient pas une exigence absolue selon les d\u00e9marches qualit\u00e9, ils constituent la colonne vert\u00e9brale de la d\u00e9marche. Cette phase permet notamment un <strong>transfert de savoir vers votre chef de projet<\/strong> et donc une autonomie lors du d\u00e9part du consultant en fin de mission.<\/p>\n\n\n\n<h4 class=\"wp-block-heading has-accent-color has-text-color has-link-color wp-elements-5fb437fb818d4c96c5c2b0e4326c14ba\">Sensibilisation\/Formation<\/h4>\n\n\n\n<p>Sensibilisation ou formation aux diff\u00e9rents acteurs, selon les besoins de la d\u00e9marche.<div><span style=\"color: rgb(13, 13, 13); font-family: ui-sans-serif, -apple-system, system-ui, &quot;Segoe UI&quot;, Helvetica, &quot;Apple Color Emoji&quot;, Arial, sans-serif, &quot;Segoe UI Emoji&quot;, &quot;Segoe UI Symbol&quot;; font-size: 16px; white-space-collapse: collapse;\"><\/span><\/div><\/p>\n\n\n\n<h4 class=\"wp-block-heading has-accent-color has-text-color has-link-color wp-elements-d0f59d7b407a44554a000d07689778d7\">Audit \u00e0 blanc (dans le cadre de d\u00e9marche de certification)<\/h4>\n\n\n\n<p>R\u00e9alis\u00e9 dans des conditions plus strictes qu\u2019un audit externe (de certification), il permet de garantir l\u2019audit de certification dans les meilleures conditions. \u00c0 noter qu\u2019\u00e0 ce jour, <strong>100% de nos clients ont \u00e9t\u00e9 certifi\u00e9s ou labellis\u00e9s<\/strong>. Cet audit \u00e0 blanc entre dans le cadre de vos audits internes et est \u00e0 ce titre opposable \u00e0 l\u2019organisme de certification.<\/p>\n","protected":false},"excerpt":{"rendered":"<p>L\u2019accompagnement s\u2019appuie sur des principes et des valeurs qui font la marque de fabrique du Cabinet PRISME Consultants.C\u2019est \u00e9galement le fait que chaque bailleur, quelle que soit sa taille, son organisation et son territoire, b\u00e9n\u00e9ficie de notre retour d\u2019exp\u00e9rience avec nos clients.Fort de ces exp\u00e9riences, nos missions se d\u00e9roulent selon [&hellip;]<\/p>\n","protected":false},"author":1,"featured_media":0,"parent":0,"menu_order":0,"comment_status":"closed","ping_status":"closed","template":"","meta":{"footnotes":""},"class_list":["post-295","page","type-page","status-publish","hentry"],"_links":{"self":[{"href":"https:\/\/prismeconsultants.fr\/index.php\/wp-json\/wp\/v2\/pages\/295","targetHints":{"allow":["GET"]}}],"collection":[{"href":"https:\/\/prismeconsultants.fr\/index.php\/wp-json\/wp\/v2\/pages"}],"about":[{"href":"https:\/\/prismeconsultants.fr\/index.php\/wp-json\/wp\/v2\/types\/page"}],"author":[{"embeddable":true,"href":"https:\/\/prismeconsultants.fr\/index.php\/wp-json\/wp\/v2\/users\/1"}],"replies":[{"embeddable":true,"href":"https:\/\/prismeconsultants.fr\/index.php\/wp-json\/wp\/v2\/comments?post=295"}],"version-history":[{"count":2,"href":"https:\/\/prismeconsultants.fr\/index.php\/wp-json\/wp\/v2\/pages\/295\/revisions"}],"predecessor-version":[{"id":302,"href":"https:\/\/prismeconsultants.fr\/index.php\/wp-json\/wp\/v2\/pages\/295\/revisions\/302"}],"wp:attachment":[{"href":"https:\/\/prismeconsultants.fr\/index.php\/wp-json\/wp\/v2\/media?parent=295"}],"curies":[{"name":"wp","href":"https:\/\/api.w.org\/{rel}","templated":true}]}}