{"id":279,"date":"2024-10-23T19:07:16","date_gmt":"2024-10-23T17:07:16","guid":{"rendered":"http:\/\/fckhwfr.cluster029.hosting.ovh.net\/?page_id=279"},"modified":"2024-10-23T19:10:00","modified_gmt":"2024-10-23T17:10:00","slug":"audits-evaluation","status":"publish","type":"page","link":"https:\/\/prismeconsultants.fr\/index.php\/audits-evaluation\/","title":{"rendered":"Audits &amp; \u00e9valuation"},"content":{"rendered":"\n<h4 class=\"wp-block-heading has-accent-color has-text-color has-link-color wp-elements-d08aa26cc81f4c9144613777741b47ff\">Audits &amp; diagnostics<\/h4>\n\n\n\n<p>L\u2019audit aide tout organisme \u00e0 atteindre ses objectifs en \u00e9valuant ses processus de management des risques, de contr\u00f4le et de gouvernance. <br>Il concoure \u00e9galement \u00e0 identifier des propositions d\u2019am\u00e9lioration pour renforcer l&rsquo;efficacit\u00e9 de l\u2019organisme.<br>Auditer un organisme s\u2019apparente enfin \u00e0 une \u00e9valuation de la bonne compr\u00e9hension par les collaborateurs de la strat\u00e9gie de l\u2019organisme, des dispositifs et outils mis en place, des objectifs attendus et des am\u00e9liorations souhait\u00e9es.  <br>L\u2019audit qualit\u00e9 fait donc g\u00e9n\u00e9ralement r\u00e9f\u00e9rence \u00e0 des processus \u00e9crits et\/ou \u00e0 des r\u00e9f\u00e9rentiels choisis par l\u2019organisme<\/p>\n\n\n\n<h4 class=\"wp-block-heading has-accent-color has-text-color has-link-color wp-elements-e49d9abd4874334f3359f39fbbd60ae2\">Audits qualit\u00e9 (QUALIBAIL \u2013 ISO \u2013  Habitat Senior Services \u2013 Quali\u2019Hlm)<\/h4>\n\n\n\n<p><strong>Audit d\u2019\u00e9valuation<\/strong><br>Permet d\u2019\u00e9valuer les pratiques de l\u2019organisme au regard des exigences d\u2019un r\u00e9f\u00e9rentiel <br><strong>Audit interne<\/strong><br>Permet d\u2019\u00e9valuer la bonne mise en pratique des exigences d\u2019un r\u00e9f\u00e9rentiel<br><strong>Audit blanc <\/strong><br>Permet d\u2019\u00e9valuer l\u2019efficacit\u00e9 du syst\u00e8me qualit\u00e9 au pr\u00e9alable d\u2019une certification ou d\u2019une labellisation<\/p>\n\n\n\n<h4 class=\"wp-block-heading has-accent-color has-text-color has-link-color wp-elements-bc2e164a47d3281ae733e6747d8b6b28\">Audits organisationnels<\/h4>\n\n\n\n<p><strong>Audit de processus<\/strong> : Mesurer l\u2019efficacit\u00e9 d\u2019un processus complet (ma\u00eetrise d\u2019ouvrage \u2013 Commercialisation\u2026)<br><strong>Audit de fonctionnement<\/strong> : Evaluer l\u2019ad\u00e9quation entre les effectifs de l\u2019organisme, d\u2019une direction, d\u2019un service ou d\u2019une agence au regard des volumes d\u2019activit\u00e9s qui y sont d\u00e9di\u00e9s<br><strong>Audit m\u00e9tier<\/strong> : Permet d\u2019identifier les diff\u00e9rences de traitement des missions d\u00e9di\u00e9es aux \u00e9quipes op\u00e9rationnelles <br><\/p>\n","protected":false},"excerpt":{"rendered":"<p>Audits &amp; diagnostics L\u2019audit aide tout organisme \u00e0 atteindre ses objectifs en \u00e9valuant ses processus de management des risques, de contr\u00f4le et de gouvernance. Il concoure \u00e9galement \u00e0 identifier des propositions d\u2019am\u00e9lioration pour renforcer l&rsquo;efficacit\u00e9 de l\u2019organisme.Auditer un organisme s\u2019apparente enfin \u00e0 une \u00e9valuation de la bonne compr\u00e9hension par les [&hellip;]<\/p>\n","protected":false},"author":1,"featured_media":0,"parent":0,"menu_order":0,"comment_status":"closed","ping_status":"closed","template":"","meta":{"footnotes":""},"class_list":["post-279","page","type-page","status-publish","hentry"],"_links":{"self":[{"href":"https:\/\/prismeconsultants.fr\/index.php\/wp-json\/wp\/v2\/pages\/279","targetHints":{"allow":["GET"]}}],"collection":[{"href":"https:\/\/prismeconsultants.fr\/index.php\/wp-json\/wp\/v2\/pages"}],"about":[{"href":"https:\/\/prismeconsultants.fr\/index.php\/wp-json\/wp\/v2\/types\/page"}],"author":[{"embeddable":true,"href":"https:\/\/prismeconsultants.fr\/index.php\/wp-json\/wp\/v2\/users\/1"}],"replies":[{"embeddable":true,"href":"https:\/\/prismeconsultants.fr\/index.php\/wp-json\/wp\/v2\/comments?post=279"}],"version-history":[{"count":3,"href":"https:\/\/prismeconsultants.fr\/index.php\/wp-json\/wp\/v2\/pages\/279\/revisions"}],"predecessor-version":[{"id":284,"href":"https:\/\/prismeconsultants.fr\/index.php\/wp-json\/wp\/v2\/pages\/279\/revisions\/284"}],"wp:attachment":[{"href":"https:\/\/prismeconsultants.fr\/index.php\/wp-json\/wp\/v2\/media?parent=279"}],"curies":[{"name":"wp","href":"https:\/\/api.w.org\/{rel}","templated":true}]}}