{"id":269,"date":"2024-10-23T18:48:48","date_gmt":"2024-10-23T16:48:48","guid":{"rendered":"http:\/\/fckhwfr.cluster029.hosting.ovh.net\/?page_id=269"},"modified":"2024-10-23T19:01:32","modified_gmt":"2024-10-23T17:01:32","slug":"votre-conseil","status":"publish","type":"page","link":"https:\/\/prismeconsultants.fr\/index.php\/votre-conseil\/","title":{"rendered":"Votre conseil"},"content":{"rendered":"\n<h4 class=\"wp-block-heading has-accent-color has-text-color has-link-color wp-elements-5923a9c5c9d11c5aeb660db0d3adca88\">UNE EXPERTISE EN MANAGEMENT DE LA QUALITE DEPUIS 1992<\/h4>\n\n\n\n<h5 class=\"wp-block-heading has-text-color has-link-color wp-elements-61671f29bbe1ff789fc413547cbc714e\" style=\"color:#477bbb\">Parcours professionnel<\/h5>\n\n\n\n<p><strong>Depuis 2004: Pascal Romand<\/strong><br>    Directeur du cabinet conseil PRISME Consultants<br>    Management de la qualit\u00e9 &#8211; Audit \u2013  Accompagnement &#8211; Formation<br>    Siret\u00a0: 478\u00a0856\u00a0586 00019<br>    Code\u00a0: 7022Z<\/p>\n\n\n\n<p><strong>De 1988 \u00e0 2004 <\/strong><br>LOGEAL IMMOBILIERE<br>    1988 &#8211; 1992 : Secr\u00e9taire G\u00e9n\u00e9ral Adjoint<br>    1992 \u2013 2004 : Responsable Qualit\u00e9 \u2013 Contr\u00f4le interne \u2013 M\u00e9thodes &amp; Analyse des Risques<br>        &#8211; Mise en place et obtention de la Certification Afnor ISO 9001 Version 1994 toutes activit\u00e9s<br>                1er Organisme certifi\u00e9 ISO 9000 (d\u00e9cembre 1996)<br>        &#8211; \u00c9laboration du R\u00e9f\u00e9rentiel QUALIBAIL \u00ae Version I (1999-2002)<br>                1er Organisme certifi\u00e9 QUALIBAIL \u00ae (octobre 2002)<br>    2004 \u2013 2005 : Chef du D\u00e9partement Client\u00e8le et Qualit\u00e9 de service<\/p>\n\n\n<div class=\"wp-block-image\">\n<figure class=\"aligncenter size-full is-resized\"><img loading=\"lazy\" decoding=\"async\" width=\"233\" height=\"102\" src=\"http:\/\/fckhwfr.cluster029.hosting.ovh.net\/wp-content\/uploads\/2024\/10\/logeal.png\" alt=\"\" class=\"wp-image-97\" style=\"width:180px;height:auto\"\/><\/figure>\n<\/div>\n\n\n<p><strong>De 1986 \u00e0 1988<\/strong><br>SECNO &#8211; Soci\u00e9t\u00e9 d\u2019Expertise Comptable du Nord-Ouest <br>   Etablissement des bilans comptes de r\u00e9sultats \u2013 secteur automobile <\/p>\n\n\n\n<h4 class=\"wp-block-heading has-text-color has-link-color wp-elements-0fadedb107662e844b811b687ac0e701\" style=\"color:#477bbb\">Parcours de formation<\/h4>\n\n\n\n<p><strong>1988  <\/strong>D.E.S.C.A.E.F (Rouen Business School \u2013 Neoma)<br>    Options : Ma\u00eetrise Financi\u00e8re et Expertise Comptable &#8211; Prise d\u2019aide \u00e0 la d\u00e9cision \u2013 Mercatique \u2013        Strat\u00e9gie et management d\u2019entreprise<br>    <strong>Dipl\u00f4me Pr\u00e9paratoire \u00e0 l\u2019Expertise Comptable et Financi\u00e8re DPECF<\/strong> (obtenu en juin 1988)<br><br><strong>1984 <\/strong>BTS INFORMATIQUE <br>    D\u00e9veloppement et programmation \u2013 analyse et traitement des DATA.<\/p>\n","protected":false},"excerpt":{"rendered":"<p>UNE EXPERTISE EN MANAGEMENT DE LA QUALITE DEPUIS 1992 Parcours professionnel Depuis 2004: Pascal Romand Directeur du cabinet conseil PRISME Consultants Management de la qualit\u00e9 &#8211; Audit \u2013 Accompagnement &#8211; Formation Siret\u00a0: 478\u00a0856\u00a0586 00019 Code\u00a0: 7022Z De 1988 \u00e0 2004 LOGEAL IMMOBILIERE 1988 &#8211; 1992 : Secr\u00e9taire G\u00e9n\u00e9ral Adjoint 1992 [&hellip;]<\/p>\n","protected":false},"author":1,"featured_media":0,"parent":0,"menu_order":0,"comment_status":"closed","ping_status":"closed","template":"","meta":{"footnotes":""},"class_list":["post-269","page","type-page","status-publish","hentry"],"_links":{"self":[{"href":"https:\/\/prismeconsultants.fr\/index.php\/wp-json\/wp\/v2\/pages\/269","targetHints":{"allow":["GET"]}}],"collection":[{"href":"https:\/\/prismeconsultants.fr\/index.php\/wp-json\/wp\/v2\/pages"}],"about":[{"href":"https:\/\/prismeconsultants.fr\/index.php\/wp-json\/wp\/v2\/types\/page"}],"author":[{"embeddable":true,"href":"https:\/\/prismeconsultants.fr\/index.php\/wp-json\/wp\/v2\/users\/1"}],"replies":[{"embeddable":true,"href":"https:\/\/prismeconsultants.fr\/index.php\/wp-json\/wp\/v2\/comments?post=269"}],"version-history":[{"count":4,"href":"https:\/\/prismeconsultants.fr\/index.php\/wp-json\/wp\/v2\/pages\/269\/revisions"}],"predecessor-version":[{"id":277,"href":"https:\/\/prismeconsultants.fr\/index.php\/wp-json\/wp\/v2\/pages\/269\/revisions\/277"}],"wp:attachment":[{"href":"https:\/\/prismeconsultants.fr\/index.php\/wp-json\/wp\/v2\/media?parent=269"}],"curies":[{"name":"wp","href":"https:\/\/api.w.org\/{rel}","templated":true}]}}